{"id":33,"date":"2025-02-14T11:29:18","date_gmt":"2025-02-14T11:29:18","guid":{"rendered":"https:\/\/andautoservice.de\/preise\/"},"modified":"2025-02-17T14:31:00","modified_gmt":"2025-02-17T14:31:00","slug":"preise","status":"publish","type":"page","link":"https:\/\/andautoservice.de\/ru\/preise\/","title":{"rendered":"\u0426\u0435\u043d\u044b"},"content":{"rendered":"<div class=\"wp-block-cover alignfull\" style=\"border-radius:4px;padding-top:var(--wp--preset--spacing--50);padding-bottom:var(--wp--preset--spacing--50);min-height:224px;aspect-ratio:unset;\"><span aria-hidden=\"true\" class=\"wp-block-cover__background has-background-dim\" style=\"background-color:#171716\"><\/span><img loading=\"lazy\" decoding=\"async\" width=\"1200\" height=\"325\" class=\"wp-block-cover__image-background wp-image-78\" alt=\"\" src=\"https:\/\/andautoservice.de\/wp-content\/uploads\/2025\/02\/WhatsApp-Image-2025-02-14-at-13.45.13-e1739545311650.jpeg\" data-object-fit=\"cover\" srcset=\"https:\/\/andautoservice.de\/wp-content\/uploads\/2025\/02\/WhatsApp-Image-2025-02-14-at-13.45.13-e1739545311650.jpeg 1200w, https:\/\/andautoservice.de\/wp-content\/uploads\/2025\/02\/WhatsApp-Image-2025-02-14-at-13.45.13-e1739545311650-300x81.jpeg 300w, https:\/\/andautoservice.de\/wp-content\/uploads\/2025\/02\/WhatsApp-Image-2025-02-14-at-13.45.13-e1739545311650-1024x277.jpeg 1024w, https:\/\/andautoservice.de\/wp-content\/uploads\/2025\/02\/WhatsApp-Image-2025-02-14-at-13.45.13-e1739545311650-768x208.jpeg 768w\" sizes=\"auto, (max-width: 1200px) 100vw, 1200px\" \/><div class=\"wp-block-cover__inner-container is-layout-flow wp-block-cover-is-layout-flow\">\n<div class=\"wp-block-group has-global-padding is-layout-constrained wp-block-group-is-layout-constrained\">\n<h2 class=\"wp-block-heading has-text-align-center has-large-font-size\">\u041d\u0430\u0448\u0438 \u0426\u0435\u043d\u044b<\/h2>\n<\/div>\n<\/div><\/div>\n\n\n\n<h2 class=\"wp-block-heading has-text-align-center has-large-font-size\">\u200e<br>\u0412\u0441\u0435 \u0434\u043b\u044f \u0432\u0430\u0448\u0435\u0433\u043e \u0430\u0432\u0442\u043e\u043c\u043e\u0431\u0438\u043b\u044f <br>\u0432 AND Autoservice<\/h2>\n\n\n\n<p class=\"has-text-align-center\" style=\"margin-top:16px\">\u0421\u0442\u043e\u0438\u043c\u043e\u0441\u0442\u044c \u043d\u0430\u0448\u0438\u0445 \u0443\u0441\u043b\u0443\u0433 \u0437\u0430\u0432\u0438\u0441\u0438\u0442 \u043e\u0442 \u043a\u043e\u043d\u043a\u0440\u0435\u0442\u043d\u043e\u0433\u043e \u0437\u0430\u043f\u0440\u043e\u0441\u0430, \u043c\u043e\u0434\u0435\u043b\u0438 \u0430\u0432\u0442\u043e\u043c\u043e\u0431\u0438\u043b\u044f \u0438 \u043e\u0431\u044a\u0435\u043c\u0430 \u0440\u0430\u0431\u043e\u0442. \u041f\u043e\u044d\u0442\u043e\u043c\u0443 \u043c\u044b \u043d\u0435 \u043c\u043e\u0436\u0435\u043c \u043f\u0440\u0435\u0434\u043e\u0441\u0442\u0430\u0432\u0438\u0442\u044c \u0444\u0438\u043a\u0441\u0438\u0440\u043e\u0432\u0430\u043d\u043d\u044b\u0435 \u0446\u0435\u043d\u044b. \n\u0427\u0442\u043e\u0431\u044b \u043f\u0440\u0435\u0434\u043b\u043e\u0436\u0438\u0442\u044c \u0412\u0430\u043c \u0442\u043e\u0447\u043d\u043e\u0435 \u0438 \u0441\u043f\u0440\u0430\u0432\u0435\u0434\u043b\u0438\u0432\u043e\u0435 \u043f\u0440\u0435\u0434\u043b\u043e\u0436\u0435\u043d\u0438\u0435, \u043c\u044b \u043f\u0440\u0435\u0434\u043e\u0441\u0442\u0430\u0432\u043b\u044f\u0435\u043c <strong>\u0431\u0435\u0441\u043f\u043b\u0430\u0442\u043d\u0443\u044e \u043f\u0435\u0440\u0432\u0438\u0447\u043d\u0443\u044e \u043a\u043e\u043d\u0441\u0443\u043b\u044c\u0442\u0430\u0446\u0438\u044e<\/strong> \u0421\u0432\u044f\u0436\u0438\u0442\u0435\u0441\u044c \u0441 \u043d\u0430\u043c\u0438 \u2013 \u043c\u044b \u0441 \u0440\u0430\u0434\u043e\u0441\u0442\u044c\u044e \u043f\u0440\u043e\u043a\u043e\u043d\u0441\u0443\u043b\u044c\u0442\u0438\u0440\u0443\u0435\u043c \u0412\u0430\u0441 \u0438 \u043d\u0430\u0439\u0434\u0435\u043c \u043d\u0430\u0438\u043b\u0443\u0447\u0448\u0435\u0435 \u0440\u0435\u0448\u0435\u043d\u0438\u0435 \u0434\u043b\u044f \u0432\u0430\u0448\u0435\u0433\u043e \u0430\u0432\u0442\u043e\u043c\u043e\u0431\u0438\u043b\u044f!<\/p>\n\n\n\n<div class=\"wp-block-columns alignwide is-layout-flex wp-container-core-columns-is-layout-5b525043 wp-block-columns-is-layout-flex\">\n<div class=\"wp-block-column is-layout-flow wp-block-column-is-layout-flow\">\n<figure class=\"wp-block-image size-large has-custom-border ext-aspect-landscape\"><img loading=\"lazy\" decoding=\"async\" width=\"768\" height=\"1024\" src=\"https:\/\/andautoservice.de\/wp-content\/uploads\/2025\/02\/eead3b67-567f-45f5-bbf3-5d0cf336fbe7-768x1024.jpg\" alt=\"\" class=\"wp-image-153\" style=\"border-radius:1rem;aspect-ratio:4\/3;object-fit:cover\" srcset=\"https:\/\/andautoservice.de\/wp-content\/uploads\/2025\/02\/eead3b67-567f-45f5-bbf3-5d0cf336fbe7-768x1024.jpg 768w, https:\/\/andautoservice.de\/wp-content\/uploads\/2025\/02\/eead3b67-567f-45f5-bbf3-5d0cf336fbe7-225x300.jpg 225w, https:\/\/andautoservice.de\/wp-content\/uploads\/2025\/02\/eead3b67-567f-45f5-bbf3-5d0cf336fbe7-1152x1536.jpg 1152w, https:\/\/andautoservice.de\/wp-content\/uploads\/2025\/02\/eead3b67-567f-45f5-bbf3-5d0cf336fbe7.jpg 1200w\" sizes=\"auto, (max-width: 768px) 100vw, 768px\" \/><\/figure>\n<\/div>\n\n\n\n<div class=\"wp-block-column is-layout-flow wp-block-column-is-layout-flow\">\n<figure class=\"wp-block-image size-large has-custom-border ext-aspect-landscape\"><img loading=\"lazy\" decoding=\"async\" width=\"1024\" height=\"695\" src=\"https:\/\/andautoservice.de\/wp-content\/uploads\/2025\/02\/6506f4d8b7ecf50742402fcf2df789b5e54c1c54-1024x695.jpg\" alt=\"\" class=\"wp-image-61\" style=\"border-radius:1rem;aspect-ratio:4\/3;object-fit:cover\" srcset=\"https:\/\/andautoservice.de\/wp-content\/uploads\/2025\/02\/6506f4d8b7ecf50742402fcf2df789b5e54c1c54-1024x695.jpg 1024w, https:\/\/andautoservice.de\/wp-content\/uploads\/2025\/02\/6506f4d8b7ecf50742402fcf2df789b5e54c1c54-300x204.jpg 300w, https:\/\/andautoservice.de\/wp-content\/uploads\/2025\/02\/6506f4d8b7ecf50742402fcf2df789b5e54c1c54-768x522.jpg 768w, https:\/\/andautoservice.de\/wp-content\/uploads\/2025\/02\/6506f4d8b7ecf50742402fcf2df789b5e54c1c54.jpg 1440w\" sizes=\"auto, (max-width: 1024px) 100vw, 1024px\" \/><\/figure>\n<\/div>\n\n\n\n<div class=\"wp-block-column is-layout-flow wp-block-column-is-layout-flow\">\n<figure class=\"wp-block-image size-large has-custom-border ext-aspect-landscape\"><img loading=\"lazy\" decoding=\"async\" width=\"1024\" height=\"771\" src=\"https:\/\/andautoservice.de\/wp-content\/uploads\/2025\/02\/1558c342-2b60-41ef-acaf-f7944c070dcf-1024x771.jpg\" alt=\"\" class=\"wp-image-158\" style=\"border-radius:1rem;aspect-ratio:4\/3;object-fit:cover\" srcset=\"https:\/\/andautoservice.de\/wp-content\/uploads\/2025\/02\/1558c342-2b60-41ef-acaf-f7944c070dcf-1024x771.jpg 1024w, https:\/\/andautoservice.de\/wp-content\/uploads\/2025\/02\/1558c342-2b60-41ef-acaf-f7944c070dcf-300x226.jpg 300w, https:\/\/andautoservice.de\/wp-content\/uploads\/2025\/02\/1558c342-2b60-41ef-acaf-f7944c070dcf-768x579.jpg 768w, https:\/\/andautoservice.de\/wp-content\/uploads\/2025\/02\/1558c342-2b60-41ef-acaf-f7944c070dcf.jpg 1354w\" sizes=\"auto, (max-width: 1024px) 100vw, 1024px\" \/><\/figure>\n<\/div>\n<\/div>\n\n\n\n<div class=\"wp-block-group alignfull has-background-background-color has-background has-global-padding is-layout-constrained wp-block-group-is-layout-constrained\" style=\"margin-top:0;margin-bottom:0;padding-top:var(--wp--preset--spacing--60);padding-bottom:var(--wp--preset--spacing--60)\">\n<div class=\"wp-block-cover alignwide\" style=\"border-radius:1.5rem;padding-top:var(--wp--preset--spacing--60);padding-right:var(--wp--preset--spacing--30);padding-bottom:var(--wp--preset--spacing--60);padding-left:var(--wp--preset--spacing--30);min-height:30vh;aspect-ratio:unset;\"><span aria-hidden=\"true\" class=\"wp-block-cover__background has-black-background-color has-background-dim-60 has-background-dim\"><\/span><img loading=\"lazy\" decoding=\"async\" width=\"1200\" height=\"813\" class=\"wp-block-cover__image-background wp-image-76\" alt=\"\" src=\"https:\/\/andautoservice.de\/wp-content\/uploads\/2025\/02\/WhatsApp-Image-2025-02-14-at-13.37.45-e1739544816723.jpeg\" data-object-fit=\"cover\" srcset=\"https:\/\/andautoservice.de\/wp-content\/uploads\/2025\/02\/WhatsApp-Image-2025-02-14-at-13.37.45-e1739544816723.jpeg 1200w, https:\/\/andautoservice.de\/wp-content\/uploads\/2025\/02\/WhatsApp-Image-2025-02-14-at-13.37.45-e1739544816723-300x203.jpeg 300w, https:\/\/andautoservice.de\/wp-content\/uploads\/2025\/02\/WhatsApp-Image-2025-02-14-at-13.37.45-e1739544816723-1024x694.jpeg 1024w, https:\/\/andautoservice.de\/wp-content\/uploads\/2025\/02\/WhatsApp-Image-2025-02-14-at-13.37.45-e1739544816723-768x520.jpeg 768w\" sizes=\"auto, (max-width: 1200px) 100vw, 1200px\" \/><div class=\"wp-block-cover__inner-container is-layout-flow wp-block-cover-is-layout-flow\">\n<div class=\"wp-block-group has-global-padding is-layout-constrained wp-block-group-is-layout-constrained\">\n<h2 class=\"wp-block-heading has-text-align-center has-white-color has-text-color\" style=\"margin-top:12px\">AND Autoservice<\/h2>\n\n\n\n<p class=\"has-text-align-center has-white-color has-text-color has-medium-font-size\" style=\"margin-top:16px\">\u0421\u0432\u044f\u0436\u0438\u0442\u0435\u0441\u044c \u0441 \u043d\u0430\u043c\u0438 \u043f\u0440\u044f\u043c\u043e \u0441\u0435\u0439\u0447\u0430\u0441 \u0434\u043b\u044f \u0431\u0435\u0441\u043f\u043b\u0430\u0442\u043d\u043e\u0439 \u043f\u0435\u0440\u0432\u0438\u0447\u043d\u043e\u0439 \u043a\u043e\u043d\u0441\u0443\u043b\u044c\u0442\u0430\u0446\u0438\u0438<\/p>\n\n\n\n<div class=\"wp-block-buttons is-content-justification-center is-layout-flex wp-container-core-buttons-is-layout-d8c0be80 wp-block-buttons-is-layout-flex\" style=\"margin-top:var(--wp--preset--spacing--40)\">\n<div class=\"wp-block-button\"><a class=\"wp-block-button__link wp-element-button\" href=\"https:\/\/andautoservice.de\/ru\/kontakt\/\">\u0421\u0432\u044f\u0437\u0430\u0442\u044c\u0441\u044f \u0441\u0435\u0439\u0447\u0430\u0441<\/a><\/div>\n<\/div>\n<\/div>\n<\/div><\/div>\n<\/div>","protected":false},"excerpt":{"rendered":"<p>\u200eAlles f\u00fcr Ihr Fahrzeug bei AND Autoservice Die Kosten f\u00fcr unsere Leistungen variieren je nach Anliegen, Fahrzeugmodell und Arbeitsaufwand. Daher k\u00f6nnen wir keine pauschalen Preise angeben. Um Ihnen ein genaues und faires Angebot zu machen, bieten wir eine kostenlose Erstberatung an. Kontaktieren Sie uns \u2013 wir beraten Sie gerne und finden die beste L\u00f6sung f\u00fcr [&hellip;]<\/p>\n","protected":false},"author":1,"featured_media":0,"parent":0,"menu_order":0,"comment_status":"closed","ping_status":"closed","template":"no-title","meta":{"footnotes":""},"class_list":["post-33","page","type-page","status-publish","hentry"],"yoast_head":"<!-- This site is optimized with the Yoast SEO plugin v27.4 - https:\/\/yoast.com\/product\/yoast-seo-wordpress\/ -->\n<title>Preise - AND Autoservice<\/title>\n<meta name=\"description\" content=\"Faire &amp; transparente Preise bei AND Autoservice. Die Kosten variieren je nach Modell &amp; Service. Holen Sie jetzt Ihr pers\u00f6nliches Angebot!\" \/>\n<meta name=\"robots\" content=\"index, follow, max-snippet:-1, max-image-preview:large, max-video-preview:-1\" \/>\n<link rel=\"canonical\" href=\"https:\/\/andautoservice.de\/ru\/preise\/\" \/>\n<meta property=\"og:locale\" content=\"ru_RU\" \/>\n<meta property=\"og:type\" content=\"article\" \/>\n<meta property=\"og:title\" content=\"Preise - AND Autoservice\" \/>\n<meta property=\"og:description\" content=\"Faire &amp; transparente Preise bei AND Autoservice. Die Kosten variieren je nach Modell &amp; Service. Holen Sie jetzt Ihr pers\u00f6nliches Angebot!\" \/>\n<meta property=\"og:url\" content=\"https:\/\/andautoservice.de\/ru\/preise\/\" \/>\n<meta property=\"og:site_name\" content=\"AND Autoservice\" \/>\n<meta property=\"article:modified_time\" content=\"2025-02-17T14:31:00+00:00\" \/>\n<meta property=\"og:image\" content=\"https:\/\/andautoservice.de\/wp-content\/uploads\/2025\/02\/WhatsApp-Image-2025-02-14-at-13.45.13-e1739545311650.jpeg\" \/>\n\t<meta property=\"og:image:width\" content=\"1200\" \/>\n\t<meta property=\"og:image:height\" content=\"325\" \/>\n\t<meta property=\"og:image:type\" content=\"image\/jpeg\" \/>\n<meta name=\"twitter:card\" content=\"summary_large_image\" \/>\n<meta name=\"twitter:label1\" content=\"\u041f\u0440\u0438\u043c\u0435\u0440\u043d\u043e\u0435 \u0432\u0440\u0435\u043c\u044f \u0434\u043b\u044f \u0447\u0442\u0435\u043d\u0438\u044f\" \/>\n\t<meta name=\"twitter:data1\" content=\"2 \u043c\u0438\u043d\u0443\u0442\u044b\" \/>\n<script type=\"application\/ld+json\" class=\"yoast-schema-graph\">{\"@context\":\"https:\\\/\\\/schema.org\",\"@graph\":[{\"@type\":\"WebPage\",\"@id\":\"https:\\\/\\\/andautoservice.de\\\/preise\\\/\",\"url\":\"https:\\\/\\\/andautoservice.de\\\/preise\\\/\",\"name\":\"Preise - AND Autoservice\",\"isPartOf\":{\"@id\":\"https:\\\/\\\/andautoservice.de\\\/#website\"},\"primaryImageOfPage\":{\"@id\":\"https:\\\/\\\/andautoservice.de\\\/preise\\\/#primaryimage\"},\"image\":{\"@id\":\"https:\\\/\\\/andautoservice.de\\\/preise\\\/#primaryimage\"},\"thumbnailUrl\":\"https:\\\/\\\/andautoservice.de\\\/wp-content\\\/uploads\\\/2025\\\/02\\\/WhatsApp-Image-2025-02-14-at-13.45.13-e1739545311650.jpeg\",\"datePublished\":\"2025-02-14T11:29:18+00:00\",\"dateModified\":\"2025-02-17T14:31:00+00:00\",\"description\":\"Faire & transparente Preise bei AND Autoservice. Die Kosten variieren je nach Modell & Service. Holen Sie jetzt Ihr pers\u00f6nliches Angebot!\",\"breadcrumb\":{\"@id\":\"https:\\\/\\\/andautoservice.de\\\/preise\\\/#breadcrumb\"},\"inLanguage\":\"ru-RU\",\"potentialAction\":[{\"@type\":\"ReadAction\",\"target\":[\"https:\\\/\\\/andautoservice.de\\\/preise\\\/\"]}]},{\"@type\":\"ImageObject\",\"inLanguage\":\"ru-RU\",\"@id\":\"https:\\\/\\\/andautoservice.de\\\/preise\\\/#primaryimage\",\"url\":\"https:\\\/\\\/andautoservice.de\\\/wp-content\\\/uploads\\\/2025\\\/02\\\/WhatsApp-Image-2025-02-14-at-13.45.13-e1739545311650.jpeg\",\"contentUrl\":\"https:\\\/\\\/andautoservice.de\\\/wp-content\\\/uploads\\\/2025\\\/02\\\/WhatsApp-Image-2025-02-14-at-13.45.13-e1739545311650.jpeg\"},{\"@type\":\"BreadcrumbList\",\"@id\":\"https:\\\/\\\/andautoservice.de\\\/preise\\\/#breadcrumb\",\"itemListElement\":[{\"@type\":\"ListItem\",\"position\":1,\"name\":\"Startseite\",\"item\":\"https:\\\/\\\/andautoservice.de\\\/\"},{\"@type\":\"ListItem\",\"position\":2,\"name\":\"Preise\"}]},{\"@type\":\"WebSite\",\"@id\":\"https:\\\/\\\/andautoservice.de\\\/#website\",\"url\":\"https:\\\/\\\/andautoservice.de\\\/\",\"name\":\"andautoservice.de\",\"description\":\"\",\"publisher\":{\"@id\":\"https:\\\/\\\/andautoservice.de\\\/#organization\"},\"potentialAction\":[{\"@type\":\"SearchAction\",\"target\":{\"@type\":\"EntryPoint\",\"urlTemplate\":\"https:\\\/\\\/andautoservice.de\\\/?s={search_term_string}\"},\"query-input\":{\"@type\":\"PropertyValueSpecification\",\"valueRequired\":true,\"valueName\":\"search_term_string\"}}],\"inLanguage\":\"ru-RU\"},{\"@type\":\"Organization\",\"@id\":\"https:\\\/\\\/andautoservice.de\\\/#organization\",\"name\":\"AND Autoservice\",\"url\":\"https:\\\/\\\/andautoservice.de\\\/\",\"logo\":{\"@type\":\"ImageObject\",\"inLanguage\":\"ru-RU\",\"@id\":\"https:\\\/\\\/andautoservice.de\\\/#\\\/schema\\\/logo\\\/image\\\/\",\"url\":\"https:\\\/\\\/andautoservice.de\\\/wp-content\\\/uploads\\\/2025\\\/02\\\/AND-Autoservice-1024-x-1024-px.png\",\"contentUrl\":\"https:\\\/\\\/andautoservice.de\\\/wp-content\\\/uploads\\\/2025\\\/02\\\/AND-Autoservice-1024-x-1024-px.png\",\"width\":1024,\"height\":1024,\"caption\":\"AND Autoservice\"},\"image\":{\"@id\":\"https:\\\/\\\/andautoservice.de\\\/#\\\/schema\\\/logo\\\/image\\\/\"}}]}<\/script>\n<!-- \/ Yoast SEO plugin. -->","yoast_head_json":{"title":"Preise - AND Autoservice","description":"Faire & transparente Preise bei AND Autoservice. Die Kosten variieren je nach Modell & Service. Holen Sie jetzt Ihr pers\u00f6nliches Angebot!","robots":{"index":"index","follow":"follow","max-snippet":"max-snippet:-1","max-image-preview":"max-image-preview:large","max-video-preview":"max-video-preview:-1"},"canonical":"https:\/\/andautoservice.de\/ru\/preise\/","og_locale":"ru_RU","og_type":"article","og_title":"Preise - AND Autoservice","og_description":"Faire & transparente Preise bei AND Autoservice. Die Kosten variieren je nach Modell & Service. Holen Sie jetzt Ihr pers\u00f6nliches Angebot!","og_url":"https:\/\/andautoservice.de\/ru\/preise\/","og_site_name":"AND Autoservice","article_modified_time":"2025-02-17T14:31:00+00:00","og_image":[{"width":1200,"height":325,"url":"https:\/\/andautoservice.de\/wp-content\/uploads\/2025\/02\/WhatsApp-Image-2025-02-14-at-13.45.13-e1739545311650.jpeg","type":"image\/jpeg"}],"twitter_card":"summary_large_image","twitter_misc":{"\u041f\u0440\u0438\u043c\u0435\u0440\u043d\u043e\u0435 \u0432\u0440\u0435\u043c\u044f \u0434\u043b\u044f \u0447\u0442\u0435\u043d\u0438\u044f":"2 \u043c\u0438\u043d\u0443\u0442\u044b"},"schema":{"@context":"https:\/\/schema.org","@graph":[{"@type":"WebPage","@id":"https:\/\/andautoservice.de\/preise\/","url":"https:\/\/andautoservice.de\/preise\/","name":"Preise - AND Autoservice","isPartOf":{"@id":"https:\/\/andautoservice.de\/#website"},"primaryImageOfPage":{"@id":"https:\/\/andautoservice.de\/preise\/#primaryimage"},"image":{"@id":"https:\/\/andautoservice.de\/preise\/#primaryimage"},"thumbnailUrl":"https:\/\/andautoservice.de\/wp-content\/uploads\/2025\/02\/WhatsApp-Image-2025-02-14-at-13.45.13-e1739545311650.jpeg","datePublished":"2025-02-14T11:29:18+00:00","dateModified":"2025-02-17T14:31:00+00:00","description":"Faire & transparente Preise bei AND Autoservice. Die Kosten variieren je nach Modell & Service. Holen Sie jetzt Ihr pers\u00f6nliches Angebot!","breadcrumb":{"@id":"https:\/\/andautoservice.de\/preise\/#breadcrumb"},"inLanguage":"ru-RU","potentialAction":[{"@type":"ReadAction","target":["https:\/\/andautoservice.de\/preise\/"]}]},{"@type":"ImageObject","inLanguage":"ru-RU","@id":"https:\/\/andautoservice.de\/preise\/#primaryimage","url":"https:\/\/andautoservice.de\/wp-content\/uploads\/2025\/02\/WhatsApp-Image-2025-02-14-at-13.45.13-e1739545311650.jpeg","contentUrl":"https:\/\/andautoservice.de\/wp-content\/uploads\/2025\/02\/WhatsApp-Image-2025-02-14-at-13.45.13-e1739545311650.jpeg"},{"@type":"BreadcrumbList","@id":"https:\/\/andautoservice.de\/preise\/#breadcrumb","itemListElement":[{"@type":"ListItem","position":1,"name":"Startseite","item":"https:\/\/andautoservice.de\/"},{"@type":"ListItem","position":2,"name":"Preise"}]},{"@type":"WebSite","@id":"https:\/\/andautoservice.de\/#website","url":"https:\/\/andautoservice.de\/","name":"andautoservice.de","description":"","publisher":{"@id":"https:\/\/andautoservice.de\/#organization"},"potentialAction":[{"@type":"SearchAction","target":{"@type":"EntryPoint","urlTemplate":"https:\/\/andautoservice.de\/?s={search_term_string}"},"query-input":{"@type":"PropertyValueSpecification","valueRequired":true,"valueName":"search_term_string"}}],"inLanguage":"ru-RU"},{"@type":"Organization","@id":"https:\/\/andautoservice.de\/#organization","name":"AND Autoservice","url":"https:\/\/andautoservice.de\/","logo":{"@type":"ImageObject","inLanguage":"ru-RU","@id":"https:\/\/andautoservice.de\/#\/schema\/logo\/image\/","url":"https:\/\/andautoservice.de\/wp-content\/uploads\/2025\/02\/AND-Autoservice-1024-x-1024-px.png","contentUrl":"https:\/\/andautoservice.de\/wp-content\/uploads\/2025\/02\/AND-Autoservice-1024-x-1024-px.png","width":1024,"height":1024,"caption":"AND Autoservice"},"image":{"@id":"https:\/\/andautoservice.de\/#\/schema\/logo\/image\/"}}]}},"_links":{"self":[{"href":"https:\/\/andautoservice.de\/ru\/wp-json\/wp\/v2\/pages\/33","targetHints":{"allow":["GET"]}}],"collection":[{"href":"https:\/\/andautoservice.de\/ru\/wp-json\/wp\/v2\/pages"}],"about":[{"href":"https:\/\/andautoservice.de\/ru\/wp-json\/wp\/v2\/types\/page"}],"author":[{"embeddable":true,"href":"https:\/\/andautoservice.de\/ru\/wp-json\/wp\/v2\/users\/1"}],"replies":[{"embeddable":true,"href":"https:\/\/andautoservice.de\/ru\/wp-json\/wp\/v2\/comments?post=33"}],"version-history":[{"count":15,"href":"https:\/\/andautoservice.de\/ru\/wp-json\/wp\/v2\/pages\/33\/revisions"}],"predecessor-version":[{"id":297,"href":"https:\/\/andautoservice.de\/ru\/wp-json\/wp\/v2\/pages\/33\/revisions\/297"}],"wp:attachment":[{"href":"https:\/\/andautoservice.de\/ru\/wp-json\/wp\/v2\/media?parent=33"}],"curies":[{"name":"wp","href":"https:\/\/api.w.org\/{rel}","templated":true}]}}