{"id":29,"date":"2025-02-14T11:29:17","date_gmt":"2025-02-14T11:29:17","guid":{"rendered":"https:\/\/andautoservice.de\/ueber\/"},"modified":"2025-02-17T11:37:56","modified_gmt":"2025-02-17T11:37:56","slug":"ueber","status":"publish","type":"page","link":"https:\/\/andautoservice.de\/ru\/ueber\/","title":{"rendered":"\u00dcber"},"content":{"rendered":"<div class=\"wp-block-cover alignfull\" style=\"border-radius:4px;padding-top:var(--wp--preset--spacing--50);padding-bottom:var(--wp--preset--spacing--50);min-height:224px;aspect-ratio:unset;\"><span aria-hidden=\"true\" class=\"wp-block-cover__background has-background-dim\" style=\"background-color:#171716\"><\/span><img loading=\"lazy\" decoding=\"async\" width=\"1200\" height=\"325\" class=\"wp-block-cover__image-background wp-image-78\" alt=\"\" src=\"https:\/\/andautoservice.de\/wp-content\/uploads\/2025\/02\/WhatsApp-Image-2025-02-14-at-13.45.13-e1739545311650.jpeg\" data-object-fit=\"cover\" srcset=\"https:\/\/andautoservice.de\/wp-content\/uploads\/2025\/02\/WhatsApp-Image-2025-02-14-at-13.45.13-e1739545311650.jpeg 1200w, https:\/\/andautoservice.de\/wp-content\/uploads\/2025\/02\/WhatsApp-Image-2025-02-14-at-13.45.13-e1739545311650-300x81.jpeg 300w, https:\/\/andautoservice.de\/wp-content\/uploads\/2025\/02\/WhatsApp-Image-2025-02-14-at-13.45.13-e1739545311650-1024x277.jpeg 1024w, https:\/\/andautoservice.de\/wp-content\/uploads\/2025\/02\/WhatsApp-Image-2025-02-14-at-13.45.13-e1739545311650-768x208.jpeg 768w\" sizes=\"auto, (max-width: 1200px) 100vw, 1200px\" \/><div class=\"wp-block-cover__inner-container is-layout-flow wp-block-cover-is-layout-flow\">\n<div class=\"wp-block-group has-global-padding is-layout-constrained wp-block-group-is-layout-constrained\">\n<h2 class=\"wp-block-heading has-text-align-center has-large-font-size\">\u041e \u043d\u0430\u0441<\/h2>\n<\/div>\n<\/div><\/div>\n\n\n\n<div class=\"wp-block-group alignfull has-background-background-color has-background has-global-padding is-layout-constrained wp-container-core-group-is-layout-7276a2bb wp-block-group-is-layout-constrained\" style=\"margin-top:0;margin-bottom:0;padding-top:var(--wp--preset--spacing--60);padding-right:var(--wp--preset--spacing--30);padding-bottom:var(--wp--preset--spacing--60);padding-left:var(--wp--preset--spacing--30)\">\n<div class=\"wp-block-columns alignwide are-vertically-aligned-center is-layout-flex wp-container-core-columns-is-layout-9effc7d7 wp-block-columns-is-layout-flex\">\n<div class=\"wp-block-column is-vertically-aligned-center is-layout-flow wp-block-column-is-layout-flow\">\n<h2 class=\"wp-block-heading has-text-align-center has-large-font-size\">\u0412\u0430\u0448 \u0430\u0432\u0442\u043e\u043c\u043e\u0431\u0438\u043b\u044c \u0432 \u043d\u0430\u0434\u0435\u0436\u043d\u044b\u0445 \u0440\u0443\u043a\u0430\u0445<\/h2>\n\n\n\n<p class=\"has-text-align-center\" style=\"margin-top:16px\">\u0412 <strong>AND Autoservice<\/strong> \u0412\u0430\u0448\u0430 \u043c\u043e\u0431\u0438\u043b\u044c\u043d\u043e\u0441\u0442\u044c \u2013 \u043d\u0430\u0448 \u043f\u0440\u0438\u043e\u0440\u0438\u0442\u0435\u0442. \u0411\u043b\u0430\u0433\u043e\u0434\u0430\u0440\u044f \u043e\u043f\u044b\u0442\u0443 \u0438 \u043f\u0440\u043e\u0444\u0435\u0441\u0441\u0438\u043e\u043d\u0430\u043b\u0438\u0437\u043c\u0443 \u043c\u044b \u043f\u0440\u0435\u0434\u043b\u0430\u0433\u0430\u0435\u043c \u043d\u0430\u0434\u0435\u0436\u043d\u044b\u0439 \u0440\u0435\u043c\u043e\u043d\u0442 \u0438 \u043a\u043e\u043c\u043f\u043b\u0435\u043a\u0441\u043d\u043e\u0435 \u043e\u0431\u0441\u043b\u0443\u0436\u0438\u0432\u0430\u043d\u0438\u0435, \u043e\u0431\u0435\u0441\u043f\u0435\u0447\u0438\u0432\u0430\u044f \u0431\u0435\u0437\u043e\u043f\u0430\u0441\u043d\u043e\u0441\u0442\u044c \u0438 \u0434\u043e\u043b\u0433\u043e\u0432\u0435\u0447\u043d\u043e\u0441\u0442\u044c \u0432\u0430\u0448\u0435\u0433\u043e \u0430\u0432\u0442\u043e\u043c\u043e\u0431\u0438\u043b\u044f.\n\n\u041d\u0430\u0448 \u043f\u0440\u0438\u043d\u0446\u0438\u043f \u2013 \u0437\u0430\u0432\u043e\u0435\u0432\u0430\u0442\u044c \u0432\u0430\u0448\u0435 \u0434\u043e\u0432\u0435\u0440\u0438\u0435 \u0441 \u043f\u043e\u043c\u043e\u0449\u044c\u044e \u043a\u0430\u0447\u0435\u0441\u0442\u0432\u0435\u043d\u043d\u043e\u0439 \u0440\u0430\u0431\u043e\u0442\u044b, \u0441\u043f\u0440\u0430\u0432\u0435\u0434\u043b\u0438\u0432\u044b\u0445 \u0446\u0435\u043d \u0438 \u043e\u0442\u043b\u0438\u0447\u043d\u043e\u0433\u043e \u0441\u0435\u0440\u0432\u0438\u0441\u0430, \u0441\u043e\u0437\u0434\u0430\u0432\u0430\u044f \u0434\u043e\u043b\u0433\u043e\u0441\u0440\u043e\u0447\u043d\u043e\u0435 \u0443\u0434\u043e\u0432\u043b\u0435\u0442\u0432\u043e\u0440\u0435\u043d\u0438\u0435 \u043d\u0430\u0448\u0438\u0445 \u043a\u043b\u0438\u0435\u043d\u0442\u043e\u0432<\/p>\n<\/div>\n\n\n\n<div class=\"wp-block-column is-vertically-aligned-center is-layout-flow wp-block-column-is-layout-flow\">\n<figure class=\"wp-block-image size-large\"><img loading=\"lazy\" decoding=\"async\" width=\"1024\" height=\"683\" src=\"https:\/\/andautoservice.de\/wp-content\/uploads\/2025\/02\/bc3361bb32b69ac3e0f506167c0ae686256e98c5-1024x683.jpg\" alt=\"\" class=\"wp-image-44\" style=\"aspect-ratio:4\/3;object-fit:cover\" srcset=\"https:\/\/andautoservice.de\/wp-content\/uploads\/2025\/02\/bc3361bb32b69ac3e0f506167c0ae686256e98c5-1024x683.jpg 1024w, https:\/\/andautoservice.de\/wp-content\/uploads\/2025\/02\/bc3361bb32b69ac3e0f506167c0ae686256e98c5-300x200.jpg 300w, https:\/\/andautoservice.de\/wp-content\/uploads\/2025\/02\/bc3361bb32b69ac3e0f506167c0ae686256e98c5-768x513.jpg 768w, https:\/\/andautoservice.de\/wp-content\/uploads\/2025\/02\/bc3361bb32b69ac3e0f506167c0ae686256e98c5.jpg 1440w\" sizes=\"auto, (max-width: 1024px) 100vw, 1024px\" \/><\/figure>\n<\/div>\n<\/div>\n\n\n\n<div class=\"wp-block-group alignfull has-background-background-color has-background has-global-padding is-layout-constrained wp-container-core-group-is-layout-7276a2bb wp-block-group-is-layout-constrained\" style=\"margin-top:0;margin-bottom:0;padding-top:var(--wp--preset--spacing--60);padding-right:var(--wp--preset--spacing--30);padding-bottom:var(--wp--preset--spacing--60);padding-left:var(--wp--preset--spacing--30)\">\n<div class=\"wp-block-group alignwide has-global-padding is-layout-constrained wp-block-group-is-layout-constrained\">\n<div class=\"wp-block-columns alignwide is-layout-flex wp-container-core-columns-is-layout-87beb0d0 wp-block-columns-is-layout-flex\">\n<div class=\"wp-block-column is-layout-flow wp-container-core-column-is-layout-f5bb311e wp-block-column-is-layout-flow\">\n<figure class=\"wp-block-image size-large ext-aspect-landscape\"><img loading=\"lazy\" decoding=\"async\" width=\"771\" height=\"1024\" src=\"https:\/\/andautoservice.de\/wp-content\/uploads\/2025\/02\/WhatsApp-Image-2025-02-16-at-13.36.47-5-771x1024.jpeg\" alt=\"\" class=\"wp-image-274\" style=\"aspect-ratio:1;object-fit:cover\" srcset=\"https:\/\/andautoservice.de\/wp-content\/uploads\/2025\/02\/WhatsApp-Image-2025-02-16-at-13.36.47-5-771x1024.jpeg 771w, https:\/\/andautoservice.de\/wp-content\/uploads\/2025\/02\/WhatsApp-Image-2025-02-16-at-13.36.47-5-226x300.jpeg 226w, https:\/\/andautoservice.de\/wp-content\/uploads\/2025\/02\/WhatsApp-Image-2025-02-16-at-13.36.47-5-768x1021.jpeg 768w, https:\/\/andautoservice.de\/wp-content\/uploads\/2025\/02\/WhatsApp-Image-2025-02-16-at-13.36.47-5-1156x1536.jpeg 1156w, https:\/\/andautoservice.de\/wp-content\/uploads\/2025\/02\/WhatsApp-Image-2025-02-16-at-13.36.47-5-9x12.jpeg 9w, https:\/\/andautoservice.de\/wp-content\/uploads\/2025\/02\/WhatsApp-Image-2025-02-16-at-13.36.47-5.jpeg 1204w\" sizes=\"auto, (max-width: 771px) 100vw, 771px\" \/><\/figure>\n\n\n\n<figure class=\"wp-block-image size-large ext-aspect-landscape\"><img loading=\"lazy\" decoding=\"async\" width=\"771\" height=\"1024\" src=\"https:\/\/andautoservice.de\/wp-content\/uploads\/2025\/02\/WhatsApp-Image-2025-02-16-at-13.36.47-4-771x1024.jpeg\" alt=\"\" class=\"wp-image-275\" style=\"aspect-ratio:1;object-fit:cover\" srcset=\"https:\/\/andautoservice.de\/wp-content\/uploads\/2025\/02\/WhatsApp-Image-2025-02-16-at-13.36.47-4-771x1024.jpeg 771w, https:\/\/andautoservice.de\/wp-content\/uploads\/2025\/02\/WhatsApp-Image-2025-02-16-at-13.36.47-4-226x300.jpeg 226w, https:\/\/andautoservice.de\/wp-content\/uploads\/2025\/02\/WhatsApp-Image-2025-02-16-at-13.36.47-4-768x1021.jpeg 768w, https:\/\/andautoservice.de\/wp-content\/uploads\/2025\/02\/WhatsApp-Image-2025-02-16-at-13.36.47-4-1156x1536.jpeg 1156w, https:\/\/andautoservice.de\/wp-content\/uploads\/2025\/02\/WhatsApp-Image-2025-02-16-at-13.36.47-4-9x12.jpeg 9w, https:\/\/andautoservice.de\/wp-content\/uploads\/2025\/02\/WhatsApp-Image-2025-02-16-at-13.36.47-4.jpeg 1204w\" sizes=\"auto, (max-width: 771px) 100vw, 771px\" \/><\/figure>\n<\/div>\n\n\n\n<div class=\"wp-block-column is-layout-flow wp-container-core-column-is-layout-f5bb311e wp-block-column-is-layout-flow\">\n<figure class=\"wp-block-image size-large ext-aspect-landscape\"><img loading=\"lazy\" decoding=\"async\" width=\"1024\" height=\"771\" src=\"https:\/\/andautoservice.de\/wp-content\/uploads\/2025\/02\/1558c342-2b60-41ef-acaf-f7944c070dcf-1024x771.jpg\" alt=\"\" class=\"wp-image-158\" style=\"aspect-ratio:1;object-fit:cover\" srcset=\"https:\/\/andautoservice.de\/wp-content\/uploads\/2025\/02\/1558c342-2b60-41ef-acaf-f7944c070dcf-1024x771.jpg 1024w, https:\/\/andautoservice.de\/wp-content\/uploads\/2025\/02\/1558c342-2b60-41ef-acaf-f7944c070dcf-300x226.jpg 300w, https:\/\/andautoservice.de\/wp-content\/uploads\/2025\/02\/1558c342-2b60-41ef-acaf-f7944c070dcf-768x579.jpg 768w, https:\/\/andautoservice.de\/wp-content\/uploads\/2025\/02\/1558c342-2b60-41ef-acaf-f7944c070dcf.jpg 1354w\" sizes=\"auto, (max-width: 1024px) 100vw, 1024px\" \/><\/figure>\n\n\n\n<figure class=\"wp-block-image size-large ext-aspect-landscape\"><img loading=\"lazy\" decoding=\"async\" width=\"771\" height=\"1024\" src=\"https:\/\/andautoservice.de\/wp-content\/uploads\/2025\/02\/WhatsApp-Image-2025-02-16-at-13.36.47-3-771x1024.jpeg\" alt=\"\" class=\"wp-image-276\" style=\"aspect-ratio:1;object-fit:cover\" srcset=\"https:\/\/andautoservice.de\/wp-content\/uploads\/2025\/02\/WhatsApp-Image-2025-02-16-at-13.36.47-3-771x1024.jpeg 771w, https:\/\/andautoservice.de\/wp-content\/uploads\/2025\/02\/WhatsApp-Image-2025-02-16-at-13.36.47-3-226x300.jpeg 226w, https:\/\/andautoservice.de\/wp-content\/uploads\/2025\/02\/WhatsApp-Image-2025-02-16-at-13.36.47-3-768x1021.jpeg 768w, https:\/\/andautoservice.de\/wp-content\/uploads\/2025\/02\/WhatsApp-Image-2025-02-16-at-13.36.47-3-1156x1536.jpeg 1156w, https:\/\/andautoservice.de\/wp-content\/uploads\/2025\/02\/WhatsApp-Image-2025-02-16-at-13.36.47-3-9x12.jpeg 9w, https:\/\/andautoservice.de\/wp-content\/uploads\/2025\/02\/WhatsApp-Image-2025-02-16-at-13.36.47-3.jpeg 1204w\" sizes=\"auto, (max-width: 771px) 100vw, 771px\" \/><\/figure>\n<\/div>\n\n\n\n<div class=\"wp-block-column is-layout-flow wp-container-core-column-is-layout-f5bb311e wp-block-column-is-layout-flow\">\n<figure class=\"wp-block-image size-large ext-aspect-landscape\"><img loading=\"lazy\" decoding=\"async\" width=\"768\" height=\"1024\" src=\"https:\/\/andautoservice.de\/wp-content\/uploads\/2025\/02\/eead3b67-567f-45f5-bbf3-5d0cf336fbe7-768x1024.jpg\" alt=\"\" class=\"wp-image-153\" style=\"aspect-ratio:1;object-fit:cover\" srcset=\"https:\/\/andautoservice.de\/wp-content\/uploads\/2025\/02\/eead3b67-567f-45f5-bbf3-5d0cf336fbe7-768x1024.jpg 768w, https:\/\/andautoservice.de\/wp-content\/uploads\/2025\/02\/eead3b67-567f-45f5-bbf3-5d0cf336fbe7-225x300.jpg 225w, https:\/\/andautoservice.de\/wp-content\/uploads\/2025\/02\/eead3b67-567f-45f5-bbf3-5d0cf336fbe7-1152x1536.jpg 1152w, https:\/\/andautoservice.de\/wp-content\/uploads\/2025\/02\/eead3b67-567f-45f5-bbf3-5d0cf336fbe7.jpg 1200w\" sizes=\"auto, (max-width: 768px) 100vw, 768px\" \/><\/figure>\n\n\n\n<figure class=\"wp-block-image size-large ext-aspect-landscape\"><img loading=\"lazy\" decoding=\"async\" width=\"771\" height=\"1024\" src=\"https:\/\/andautoservice.de\/wp-content\/uploads\/2025\/02\/WhatsApp-Image-2025-02-16-at-13.36.47-2-771x1024.jpeg\" alt=\"\" class=\"wp-image-277\" style=\"aspect-ratio:1;object-fit:cover\" srcset=\"https:\/\/andautoservice.de\/wp-content\/uploads\/2025\/02\/WhatsApp-Image-2025-02-16-at-13.36.47-2-771x1024.jpeg 771w, https:\/\/andautoservice.de\/wp-content\/uploads\/2025\/02\/WhatsApp-Image-2025-02-16-at-13.36.47-2-226x300.jpeg 226w, https:\/\/andautoservice.de\/wp-content\/uploads\/2025\/02\/WhatsApp-Image-2025-02-16-at-13.36.47-2-768x1021.jpeg 768w, https:\/\/andautoservice.de\/wp-content\/uploads\/2025\/02\/WhatsApp-Image-2025-02-16-at-13.36.47-2-1156x1536.jpeg 1156w, https:\/\/andautoservice.de\/wp-content\/uploads\/2025\/02\/WhatsApp-Image-2025-02-16-at-13.36.47-2-9x12.jpeg 9w, https:\/\/andautoservice.de\/wp-content\/uploads\/2025\/02\/WhatsApp-Image-2025-02-16-at-13.36.47-2.jpeg 1204w\" sizes=\"auto, (max-width: 771px) 100vw, 771px\" \/><\/figure>\n<\/div>\n\n\n\n<div class=\"wp-block-column is-layout-flow wp-container-core-column-is-layout-f5bb311e wp-block-column-is-layout-flow\">\n<figure class=\"wp-block-image size-large ext-aspect-landscape\"><img loading=\"lazy\" decoding=\"async\" width=\"771\" height=\"1024\" src=\"https:\/\/andautoservice.de\/wp-content\/uploads\/2025\/02\/WhatsApp-Image-2025-02-16-at-13.36.47-771x1024.jpeg\" alt=\"\" class=\"wp-image-279\" style=\"aspect-ratio:1;object-fit:cover\" srcset=\"https:\/\/andautoservice.de\/wp-content\/uploads\/2025\/02\/WhatsApp-Image-2025-02-16-at-13.36.47-771x1024.jpeg 771w, https:\/\/andautoservice.de\/wp-content\/uploads\/2025\/02\/WhatsApp-Image-2025-02-16-at-13.36.47-226x300.jpeg 226w, https:\/\/andautoservice.de\/wp-content\/uploads\/2025\/02\/WhatsApp-Image-2025-02-16-at-13.36.47-768x1021.jpeg 768w, https:\/\/andautoservice.de\/wp-content\/uploads\/2025\/02\/WhatsApp-Image-2025-02-16-at-13.36.47-1156x1536.jpeg 1156w, https:\/\/andautoservice.de\/wp-content\/uploads\/2025\/02\/WhatsApp-Image-2025-02-16-at-13.36.47-9x12.jpeg 9w, https:\/\/andautoservice.de\/wp-content\/uploads\/2025\/02\/WhatsApp-Image-2025-02-16-at-13.36.47.jpeg 1204w\" sizes=\"auto, (max-width: 771px) 100vw, 771px\" \/><\/figure>\n\n\n\n<figure class=\"wp-block-image size-large ext-aspect-landscape\"><img loading=\"lazy\" decoding=\"async\" width=\"771\" height=\"1024\" src=\"https:\/\/andautoservice.de\/wp-content\/uploads\/2025\/02\/WhatsApp-Image-2025-02-16-at-13.36.47-1-771x1024.jpeg\" alt=\"\" class=\"wp-image-278\" style=\"aspect-ratio:1;object-fit:cover\" srcset=\"https:\/\/andautoservice.de\/wp-content\/uploads\/2025\/02\/WhatsApp-Image-2025-02-16-at-13.36.47-1-771x1024.jpeg 771w, https:\/\/andautoservice.de\/wp-content\/uploads\/2025\/02\/WhatsApp-Image-2025-02-16-at-13.36.47-1-226x300.jpeg 226w, https:\/\/andautoservice.de\/wp-content\/uploads\/2025\/02\/WhatsApp-Image-2025-02-16-at-13.36.47-1-768x1021.jpeg 768w, https:\/\/andautoservice.de\/wp-content\/uploads\/2025\/02\/WhatsApp-Image-2025-02-16-at-13.36.47-1-1156x1536.jpeg 1156w, https:\/\/andautoservice.de\/wp-content\/uploads\/2025\/02\/WhatsApp-Image-2025-02-16-at-13.36.47-1-9x12.jpeg 9w, https:\/\/andautoservice.de\/wp-content\/uploads\/2025\/02\/WhatsApp-Image-2025-02-16-at-13.36.47-1.jpeg 1204w\" sizes=\"auto, (max-width: 771px) 100vw, 771px\" \/><\/figure>\n<\/div>\n<\/div>\n<\/div>\n<\/div>\n<\/div>","protected":false},"excerpt":{"rendered":"<p>Ihr Fahrzeug in erfahrenen H\u00e4nden Bei AND Autoservice steht Ihre Mobilit\u00e4t an erster Stelle. Mit Erfahrung und Fachkompetenz bieten wir zuverl\u00e4ssige Reparaturen und umfassende Serviceleistungen, um die Sicherheit und Langlebigkeit Ihres Fahrzeugs zu gew\u00e4hrleisten. Unser Anspruch ist es, durch professionelle Arbeit, faire Preise und exzellenten Kundenservice Ihr Vertrauen zu gewinnen und langfristige Zufriedenheit zu schaffen.<\/p>","protected":false},"author":1,"featured_media":0,"parent":0,"menu_order":0,"comment_status":"closed","ping_status":"closed","template":"no-title","meta":{"footnotes":""},"class_list":["post-29","page","type-page","status-publish","hentry"],"yoast_head":"<!-- This site is optimized with the Yoast SEO plugin v27.4 - https:\/\/yoast.com\/product\/yoast-seo-wordpress\/ -->\n<title>\u00dcber - AND Autoservice<\/title>\n<meta name=\"description\" content=\"AND Autoservice \u2013 Ihr zuverl\u00e4ssiger Partner f\u00fcr KFZ-Service. Erfahren Sie mehr \u00fcber unsere Leidenschaft f\u00fcr Autos und unserer Erfahrung!\" \/>\n<meta name=\"robots\" content=\"index, follow, max-snippet:-1, max-image-preview:large, max-video-preview:-1\" \/>\n<link rel=\"canonical\" href=\"https:\/\/andautoservice.de\/ru\/ueber\/\" \/>\n<meta property=\"og:locale\" content=\"ru_RU\" \/>\n<meta property=\"og:type\" content=\"article\" \/>\n<meta property=\"og:title\" content=\"\u00dcber - AND Autoservice\" \/>\n<meta property=\"og:description\" content=\"AND Autoservice \u2013 Ihr zuverl\u00e4ssiger Partner f\u00fcr KFZ-Service. Erfahren Sie mehr \u00fcber unsere Leidenschaft f\u00fcr Autos und unserer Erfahrung!\" \/>\n<meta property=\"og:url\" content=\"https:\/\/andautoservice.de\/ru\/ueber\/\" \/>\n<meta property=\"og:site_name\" content=\"AND Autoservice\" \/>\n<meta property=\"article:modified_time\" content=\"2025-02-17T11:37:56+00:00\" \/>\n<meta property=\"og:image\" content=\"https:\/\/andautoservice.de\/wp-content\/uploads\/2025\/02\/WhatsApp-Image-2025-02-14-at-13.45.13-e1739545311650.jpeg\" \/>\n\t<meta property=\"og:image:width\" content=\"1200\" \/>\n\t<meta property=\"og:image:height\" content=\"325\" \/>\n\t<meta property=\"og:image:type\" content=\"image\/jpeg\" \/>\n<meta name=\"twitter:card\" content=\"summary_large_image\" \/>\n<meta name=\"twitter:label1\" content=\"\u041f\u0440\u0438\u043c\u0435\u0440\u043d\u043e\u0435 \u0432\u0440\u0435\u043c\u044f \u0434\u043b\u044f \u0447\u0442\u0435\u043d\u0438\u044f\" \/>\n\t<meta name=\"twitter:data1\" content=\"3 \u043c\u0438\u043d\u0443\u0442\u044b\" \/>\n<script type=\"application\/ld+json\" class=\"yoast-schema-graph\">{\"@context\":\"https:\\\/\\\/schema.org\",\"@graph\":[{\"@type\":\"WebPage\",\"@id\":\"https:\\\/\\\/andautoservice.de\\\/ueber\\\/\",\"url\":\"https:\\\/\\\/andautoservice.de\\\/ueber\\\/\",\"name\":\"\u00dcber - AND Autoservice\",\"isPartOf\":{\"@id\":\"https:\\\/\\\/andautoservice.de\\\/#website\"},\"primaryImageOfPage\":{\"@id\":\"https:\\\/\\\/andautoservice.de\\\/ueber\\\/#primaryimage\"},\"image\":{\"@id\":\"https:\\\/\\\/andautoservice.de\\\/ueber\\\/#primaryimage\"},\"thumbnailUrl\":\"https:\\\/\\\/andautoservice.de\\\/wp-content\\\/uploads\\\/2025\\\/02\\\/WhatsApp-Image-2025-02-14-at-13.45.13-e1739545311650.jpeg\",\"datePublished\":\"2025-02-14T11:29:17+00:00\",\"dateModified\":\"2025-02-17T11:37:56+00:00\",\"description\":\"AND Autoservice \u2013 Ihr zuverl\u00e4ssiger Partner f\u00fcr KFZ-Service. Erfahren Sie mehr \u00fcber unsere Leidenschaft f\u00fcr Autos und unserer Erfahrung!\",\"breadcrumb\":{\"@id\":\"https:\\\/\\\/andautoservice.de\\\/ueber\\\/#breadcrumb\"},\"inLanguage\":\"ru-RU\",\"potentialAction\":[{\"@type\":\"ReadAction\",\"target\":[\"https:\\\/\\\/andautoservice.de\\\/ueber\\\/\"]}]},{\"@type\":\"ImageObject\",\"inLanguage\":\"ru-RU\",\"@id\":\"https:\\\/\\\/andautoservice.de\\\/ueber\\\/#primaryimage\",\"url\":\"https:\\\/\\\/andautoservice.de\\\/wp-content\\\/uploads\\\/2025\\\/02\\\/WhatsApp-Image-2025-02-14-at-13.45.13-e1739545311650.jpeg\",\"contentUrl\":\"https:\\\/\\\/andautoservice.de\\\/wp-content\\\/uploads\\\/2025\\\/02\\\/WhatsApp-Image-2025-02-14-at-13.45.13-e1739545311650.jpeg\"},{\"@type\":\"BreadcrumbList\",\"@id\":\"https:\\\/\\\/andautoservice.de\\\/ueber\\\/#breadcrumb\",\"itemListElement\":[{\"@type\":\"ListItem\",\"position\":1,\"name\":\"Startseite\",\"item\":\"https:\\\/\\\/andautoservice.de\\\/\"},{\"@type\":\"ListItem\",\"position\":2,\"name\":\"\u00dcber\"}]},{\"@type\":\"WebSite\",\"@id\":\"https:\\\/\\\/andautoservice.de\\\/#website\",\"url\":\"https:\\\/\\\/andautoservice.de\\\/\",\"name\":\"andautoservice.de\",\"description\":\"\",\"publisher\":{\"@id\":\"https:\\\/\\\/andautoservice.de\\\/#organization\"},\"potentialAction\":[{\"@type\":\"SearchAction\",\"target\":{\"@type\":\"EntryPoint\",\"urlTemplate\":\"https:\\\/\\\/andautoservice.de\\\/?s={search_term_string}\"},\"query-input\":{\"@type\":\"PropertyValueSpecification\",\"valueRequired\":true,\"valueName\":\"search_term_string\"}}],\"inLanguage\":\"ru-RU\"},{\"@type\":\"Organization\",\"@id\":\"https:\\\/\\\/andautoservice.de\\\/#organization\",\"name\":\"AND Autoservice\",\"url\":\"https:\\\/\\\/andautoservice.de\\\/\",\"logo\":{\"@type\":\"ImageObject\",\"inLanguage\":\"ru-RU\",\"@id\":\"https:\\\/\\\/andautoservice.de\\\/#\\\/schema\\\/logo\\\/image\\\/\",\"url\":\"https:\\\/\\\/andautoservice.de\\\/wp-content\\\/uploads\\\/2025\\\/02\\\/AND-Autoservice-1024-x-1024-px.png\",\"contentUrl\":\"https:\\\/\\\/andautoservice.de\\\/wp-content\\\/uploads\\\/2025\\\/02\\\/AND-Autoservice-1024-x-1024-px.png\",\"width\":1024,\"height\":1024,\"caption\":\"AND Autoservice\"},\"image\":{\"@id\":\"https:\\\/\\\/andautoservice.de\\\/#\\\/schema\\\/logo\\\/image\\\/\"}}]}<\/script>\n<!-- \/ Yoast SEO plugin. -->","yoast_head_json":{"title":"\u00dcber - AND Autoservice","description":"AND Autoservice \u2013 Ihr zuverl\u00e4ssiger Partner f\u00fcr KFZ-Service. Erfahren Sie mehr \u00fcber unsere Leidenschaft f\u00fcr Autos und unserer Erfahrung!","robots":{"index":"index","follow":"follow","max-snippet":"max-snippet:-1","max-image-preview":"max-image-preview:large","max-video-preview":"max-video-preview:-1"},"canonical":"https:\/\/andautoservice.de\/ru\/ueber\/","og_locale":"ru_RU","og_type":"article","og_title":"\u00dcber - AND Autoservice","og_description":"AND Autoservice \u2013 Ihr zuverl\u00e4ssiger Partner f\u00fcr KFZ-Service. Erfahren Sie mehr \u00fcber unsere Leidenschaft f\u00fcr Autos und unserer Erfahrung!","og_url":"https:\/\/andautoservice.de\/ru\/ueber\/","og_site_name":"AND Autoservice","article_modified_time":"2025-02-17T11:37:56+00:00","og_image":[{"width":1200,"height":325,"url":"https:\/\/andautoservice.de\/wp-content\/uploads\/2025\/02\/WhatsApp-Image-2025-02-14-at-13.45.13-e1739545311650.jpeg","type":"image\/jpeg"}],"twitter_card":"summary_large_image","twitter_misc":{"\u041f\u0440\u0438\u043c\u0435\u0440\u043d\u043e\u0435 \u0432\u0440\u0435\u043c\u044f \u0434\u043b\u044f \u0447\u0442\u0435\u043d\u0438\u044f":"3 \u043c\u0438\u043d\u0443\u0442\u044b"},"schema":{"@context":"https:\/\/schema.org","@graph":[{"@type":"WebPage","@id":"https:\/\/andautoservice.de\/ueber\/","url":"https:\/\/andautoservice.de\/ueber\/","name":"\u00dcber - AND Autoservice","isPartOf":{"@id":"https:\/\/andautoservice.de\/#website"},"primaryImageOfPage":{"@id":"https:\/\/andautoservice.de\/ueber\/#primaryimage"},"image":{"@id":"https:\/\/andautoservice.de\/ueber\/#primaryimage"},"thumbnailUrl":"https:\/\/andautoservice.de\/wp-content\/uploads\/2025\/02\/WhatsApp-Image-2025-02-14-at-13.45.13-e1739545311650.jpeg","datePublished":"2025-02-14T11:29:17+00:00","dateModified":"2025-02-17T11:37:56+00:00","description":"AND Autoservice \u2013 Ihr zuverl\u00e4ssiger Partner f\u00fcr KFZ-Service. Erfahren Sie mehr \u00fcber unsere Leidenschaft f\u00fcr Autos und unserer Erfahrung!","breadcrumb":{"@id":"https:\/\/andautoservice.de\/ueber\/#breadcrumb"},"inLanguage":"ru-RU","potentialAction":[{"@type":"ReadAction","target":["https:\/\/andautoservice.de\/ueber\/"]}]},{"@type":"ImageObject","inLanguage":"ru-RU","@id":"https:\/\/andautoservice.de\/ueber\/#primaryimage","url":"https:\/\/andautoservice.de\/wp-content\/uploads\/2025\/02\/WhatsApp-Image-2025-02-14-at-13.45.13-e1739545311650.jpeg","contentUrl":"https:\/\/andautoservice.de\/wp-content\/uploads\/2025\/02\/WhatsApp-Image-2025-02-14-at-13.45.13-e1739545311650.jpeg"},{"@type":"BreadcrumbList","@id":"https:\/\/andautoservice.de\/ueber\/#breadcrumb","itemListElement":[{"@type":"ListItem","position":1,"name":"Startseite","item":"https:\/\/andautoservice.de\/"},{"@type":"ListItem","position":2,"name":"\u00dcber"}]},{"@type":"WebSite","@id":"https:\/\/andautoservice.de\/#website","url":"https:\/\/andautoservice.de\/","name":"andautoservice.de","description":"","publisher":{"@id":"https:\/\/andautoservice.de\/#organization"},"potentialAction":[{"@type":"SearchAction","target":{"@type":"EntryPoint","urlTemplate":"https:\/\/andautoservice.de\/?s={search_term_string}"},"query-input":{"@type":"PropertyValueSpecification","valueRequired":true,"valueName":"search_term_string"}}],"inLanguage":"ru-RU"},{"@type":"Organization","@id":"https:\/\/andautoservice.de\/#organization","name":"AND Autoservice","url":"https:\/\/andautoservice.de\/","logo":{"@type":"ImageObject","inLanguage":"ru-RU","@id":"https:\/\/andautoservice.de\/#\/schema\/logo\/image\/","url":"https:\/\/andautoservice.de\/wp-content\/uploads\/2025\/02\/AND-Autoservice-1024-x-1024-px.png","contentUrl":"https:\/\/andautoservice.de\/wp-content\/uploads\/2025\/02\/AND-Autoservice-1024-x-1024-px.png","width":1024,"height":1024,"caption":"AND Autoservice"},"image":{"@id":"https:\/\/andautoservice.de\/#\/schema\/logo\/image\/"}}]}},"_links":{"self":[{"href":"https:\/\/andautoservice.de\/ru\/wp-json\/wp\/v2\/pages\/29","targetHints":{"allow":["GET"]}}],"collection":[{"href":"https:\/\/andautoservice.de\/ru\/wp-json\/wp\/v2\/pages"}],"about":[{"href":"https:\/\/andautoservice.de\/ru\/wp-json\/wp\/v2\/types\/page"}],"author":[{"embeddable":true,"href":"https:\/\/andautoservice.de\/ru\/wp-json\/wp\/v2\/users\/1"}],"replies":[{"embeddable":true,"href":"https:\/\/andautoservice.de\/ru\/wp-json\/wp\/v2\/comments?post=29"}],"version-history":[{"count":13,"href":"https:\/\/andautoservice.de\/ru\/wp-json\/wp\/v2\/pages\/29\/revisions"}],"predecessor-version":[{"id":281,"href":"https:\/\/andautoservice.de\/ru\/wp-json\/wp\/v2\/pages\/29\/revisions\/281"}],"wp:attachment":[{"href":"https:\/\/andautoservice.de\/ru\/wp-json\/wp\/v2\/media?parent=29"}],"curies":[{"name":"wp","href":"https:\/\/api.w.org\/{rel}","templated":true}]}}