{"id":162,"date":"2025-02-15T13:21:17","date_gmt":"2025-02-15T13:21:17","guid":{"rendered":"https:\/\/andautoservice.de\/?page_id=162"},"modified":"2025-02-15T13:25:02","modified_gmt":"2025-02-15T13:25:02","slug":"impressum","status":"publish","type":"page","link":"https:\/\/andautoservice.de\/ru\/impressum\/","title":{"rendered":"Impressum"},"content":{"rendered":"<h4 class=\"wp-block-heading\"><strong>Impressum<\/strong><\/h4>\n\n\n\n<p><strong>AND Autoservice<\/strong><br>Inhaber: Sergej Stark<br>Ebereschenstra\u00dfe 2<br>15378 R\u00fcdersdorf<\/p>\n\n\n\n<p>Telefon: 0170 4968420<br>E-Mail: info@andautoservice.de<\/p>\n\n\n\n<p><strong>Angaben gem\u00e4\u00df \u00a7 5 TMG<\/strong><\/p>\n\n\n\n<p>AND Autoservice ist ein Einzelunternehmen.<\/p>\n\n\n\n<p><strong>Umsatzsteuer-Identifikationsnummer gem\u00e4\u00df \u00a7 27a UStG:<\/strong> <\/p>\n\n\n\n<p><strong>Berufsrechtliche Regelungen:<\/strong><br>Falls deine Werkstatt in eine Handwerkskammer eingetragen ist, kannst du hier die zust\u00e4ndige Kammer und einen Hinweis auf die Handwerksordnung erg\u00e4nzen.<\/p>\n\n\n\n<p><strong>Online-Streitbeilegung gem\u00e4\u00df Art. 14 Abs. 1 ODR-VO:<\/strong><br>Die Europ\u00e4ische Kommission stellt eine Plattform zur Online-Streitbeilegung (OS) bereit, die unter <a href=\"https:\/\/ec.europa.eu\/consumers\/odr\">https:\/\/ec.europa.eu\/consumers\/odr<\/a> erreichbar ist.<\/p>","protected":false},"excerpt":{"rendered":"<p>Impressum AND AutoserviceInhaber: Sergej StarkEbereschenstra\u00dfe 215378 R\u00fcdersdorf Telefon: 0170 4968420E-Mail: info@andautoservice.de Angaben gem\u00e4\u00df \u00a7 5 TMG AND Autoservice ist ein Einzelunternehmen. Umsatzsteuer-Identifikationsnummer gem\u00e4\u00df \u00a7 27a UStG: Berufsrechtliche Regelungen:Falls deine Werkstatt in eine Handwerkskammer eingetragen ist, kannst du hier die zust\u00e4ndige Kammer und einen Hinweis auf die Handwerksordnung erg\u00e4nzen. Online-Streitbeilegung gem\u00e4\u00df Art. 14 Abs. 1 ODR-VO:Die [&hellip;]<\/p>\n","protected":false},"author":1,"featured_media":0,"parent":0,"menu_order":0,"comment_status":"closed","ping_status":"closed","template":"no-title","meta":{"footnotes":""},"class_list":["post-162","page","type-page","status-publish","hentry"],"yoast_head":"<!-- This site is optimized with the Yoast SEO plugin v27.4 - https:\/\/yoast.com\/product\/yoast-seo-wordpress\/ -->\n<title>Impressum - AND Autoservice<\/title>\n<meta name=\"robots\" content=\"index, follow, max-snippet:-1, max-image-preview:large, max-video-preview:-1\" \/>\n<link rel=\"canonical\" href=\"https:\/\/andautoservice.de\/ru\/impressum\/\" \/>\n<meta property=\"og:locale\" content=\"ru_RU\" \/>\n<meta property=\"og:type\" content=\"article\" \/>\n<meta property=\"og:title\" content=\"Impressum - AND Autoservice\" \/>\n<meta property=\"og:description\" content=\"Impressum AND AutoserviceInhaber: Sergej StarkEbereschenstra\u00dfe 215378 R\u00fcdersdorf Telefon: 0170 4968420E-Mail: info@andautoservice.de Angaben gem\u00e4\u00df \u00a7 5 TMG AND Autoservice ist ein Einzelunternehmen. Umsatzsteuer-Identifikationsnummer gem\u00e4\u00df \u00a7 27a UStG: Berufsrechtliche Regelungen:Falls deine Werkstatt in eine Handwerkskammer eingetragen ist, kannst du hier die zust\u00e4ndige Kammer und einen Hinweis auf die Handwerksordnung erg\u00e4nzen. Online-Streitbeilegung gem\u00e4\u00df Art. 14 Abs. 1 ODR-VO:Die [&hellip;]\" \/>\n<meta property=\"og:url\" content=\"https:\/\/andautoservice.de\/ru\/impressum\/\" \/>\n<meta property=\"og:site_name\" content=\"AND Autoservice\" \/>\n<meta property=\"article:modified_time\" content=\"2025-02-15T13:25:02+00:00\" \/>\n<meta name=\"twitter:card\" content=\"summary_large_image\" \/>\n<script type=\"application\/ld+json\" class=\"yoast-schema-graph\">{\"@context\":\"https:\\\/\\\/schema.org\",\"@graph\":[{\"@type\":\"WebPage\",\"@id\":\"https:\\\/\\\/andautoservice.de\\\/impressum\\\/\",\"url\":\"https:\\\/\\\/andautoservice.de\\\/impressum\\\/\",\"name\":\"Impressum - AND Autoservice\",\"isPartOf\":{\"@id\":\"https:\\\/\\\/andautoservice.de\\\/#website\"},\"datePublished\":\"2025-02-15T13:21:17+00:00\",\"dateModified\":\"2025-02-15T13:25:02+00:00\",\"breadcrumb\":{\"@id\":\"https:\\\/\\\/andautoservice.de\\\/impressum\\\/#breadcrumb\"},\"inLanguage\":\"ru-RU\",\"potentialAction\":[{\"@type\":\"ReadAction\",\"target\":[\"https:\\\/\\\/andautoservice.de\\\/impressum\\\/\"]}]},{\"@type\":\"BreadcrumbList\",\"@id\":\"https:\\\/\\\/andautoservice.de\\\/impressum\\\/#breadcrumb\",\"itemListElement\":[{\"@type\":\"ListItem\",\"position\":1,\"name\":\"Startseite\",\"item\":\"https:\\\/\\\/andautoservice.de\\\/\"},{\"@type\":\"ListItem\",\"position\":2,\"name\":\"Impressum\"}]},{\"@type\":\"WebSite\",\"@id\":\"https:\\\/\\\/andautoservice.de\\\/#website\",\"url\":\"https:\\\/\\\/andautoservice.de\\\/\",\"name\":\"andautoservice.de\",\"description\":\"\",\"publisher\":{\"@id\":\"https:\\\/\\\/andautoservice.de\\\/#organization\"},\"potentialAction\":[{\"@type\":\"SearchAction\",\"target\":{\"@type\":\"EntryPoint\",\"urlTemplate\":\"https:\\\/\\\/andautoservice.de\\\/?s={search_term_string}\"},\"query-input\":{\"@type\":\"PropertyValueSpecification\",\"valueRequired\":true,\"valueName\":\"search_term_string\"}}],\"inLanguage\":\"ru-RU\"},{\"@type\":\"Organization\",\"@id\":\"https:\\\/\\\/andautoservice.de\\\/#organization\",\"name\":\"AND Autoservice\",\"url\":\"https:\\\/\\\/andautoservice.de\\\/\",\"logo\":{\"@type\":\"ImageObject\",\"inLanguage\":\"ru-RU\",\"@id\":\"https:\\\/\\\/andautoservice.de\\\/#\\\/schema\\\/logo\\\/image\\\/\",\"url\":\"https:\\\/\\\/andautoservice.de\\\/wp-content\\\/uploads\\\/2025\\\/02\\\/AND-Autoservice-1024-x-1024-px.png\",\"contentUrl\":\"https:\\\/\\\/andautoservice.de\\\/wp-content\\\/uploads\\\/2025\\\/02\\\/AND-Autoservice-1024-x-1024-px.png\",\"width\":1024,\"height\":1024,\"caption\":\"AND Autoservice\"},\"image\":{\"@id\":\"https:\\\/\\\/andautoservice.de\\\/#\\\/schema\\\/logo\\\/image\\\/\"}}]}<\/script>\n<!-- \/ Yoast SEO plugin. -->","yoast_head_json":{"title":"Impressum - AND Autoservice","robots":{"index":"index","follow":"follow","max-snippet":"max-snippet:-1","max-image-preview":"max-image-preview:large","max-video-preview":"max-video-preview:-1"},"canonical":"https:\/\/andautoservice.de\/ru\/impressum\/","og_locale":"ru_RU","og_type":"article","og_title":"Impressum - AND Autoservice","og_description":"Impressum AND AutoserviceInhaber: Sergej StarkEbereschenstra\u00dfe 215378 R\u00fcdersdorf Telefon: 0170 4968420E-Mail: info@andautoservice.de Angaben gem\u00e4\u00df \u00a7 5 TMG AND Autoservice ist ein Einzelunternehmen. Umsatzsteuer-Identifikationsnummer gem\u00e4\u00df \u00a7 27a UStG: Berufsrechtliche Regelungen:Falls deine Werkstatt in eine Handwerkskammer eingetragen ist, kannst du hier die zust\u00e4ndige Kammer und einen Hinweis auf die Handwerksordnung erg\u00e4nzen. Online-Streitbeilegung gem\u00e4\u00df Art. 14 Abs. 1 ODR-VO:Die [&hellip;]","og_url":"https:\/\/andautoservice.de\/ru\/impressum\/","og_site_name":"AND Autoservice","article_modified_time":"2025-02-15T13:25:02+00:00","twitter_card":"summary_large_image","schema":{"@context":"https:\/\/schema.org","@graph":[{"@type":"WebPage","@id":"https:\/\/andautoservice.de\/impressum\/","url":"https:\/\/andautoservice.de\/impressum\/","name":"Impressum - AND Autoservice","isPartOf":{"@id":"https:\/\/andautoservice.de\/#website"},"datePublished":"2025-02-15T13:21:17+00:00","dateModified":"2025-02-15T13:25:02+00:00","breadcrumb":{"@id":"https:\/\/andautoservice.de\/impressum\/#breadcrumb"},"inLanguage":"ru-RU","potentialAction":[{"@type":"ReadAction","target":["https:\/\/andautoservice.de\/impressum\/"]}]},{"@type":"BreadcrumbList","@id":"https:\/\/andautoservice.de\/impressum\/#breadcrumb","itemListElement":[{"@type":"ListItem","position":1,"name":"Startseite","item":"https:\/\/andautoservice.de\/"},{"@type":"ListItem","position":2,"name":"Impressum"}]},{"@type":"WebSite","@id":"https:\/\/andautoservice.de\/#website","url":"https:\/\/andautoservice.de\/","name":"andautoservice.de","description":"","publisher":{"@id":"https:\/\/andautoservice.de\/#organization"},"potentialAction":[{"@type":"SearchAction","target":{"@type":"EntryPoint","urlTemplate":"https:\/\/andautoservice.de\/?s={search_term_string}"},"query-input":{"@type":"PropertyValueSpecification","valueRequired":true,"valueName":"search_term_string"}}],"inLanguage":"ru-RU"},{"@type":"Organization","@id":"https:\/\/andautoservice.de\/#organization","name":"AND Autoservice","url":"https:\/\/andautoservice.de\/","logo":{"@type":"ImageObject","inLanguage":"ru-RU","@id":"https:\/\/andautoservice.de\/#\/schema\/logo\/image\/","url":"https:\/\/andautoservice.de\/wp-content\/uploads\/2025\/02\/AND-Autoservice-1024-x-1024-px.png","contentUrl":"https:\/\/andautoservice.de\/wp-content\/uploads\/2025\/02\/AND-Autoservice-1024-x-1024-px.png","width":1024,"height":1024,"caption":"AND Autoservice"},"image":{"@id":"https:\/\/andautoservice.de\/#\/schema\/logo\/image\/"}}]}},"_links":{"self":[{"href":"https:\/\/andautoservice.de\/ru\/wp-json\/wp\/v2\/pages\/162","targetHints":{"allow":["GET"]}}],"collection":[{"href":"https:\/\/andautoservice.de\/ru\/wp-json\/wp\/v2\/pages"}],"about":[{"href":"https:\/\/andautoservice.de\/ru\/wp-json\/wp\/v2\/types\/page"}],"author":[{"embeddable":true,"href":"https:\/\/andautoservice.de\/ru\/wp-json\/wp\/v2\/users\/1"}],"replies":[{"embeddable":true,"href":"https:\/\/andautoservice.de\/ru\/wp-json\/wp\/v2\/comments?post=162"}],"version-history":[{"count":3,"href":"https:\/\/andautoservice.de\/ru\/wp-json\/wp\/v2\/pages\/162\/revisions"}],"predecessor-version":[{"id":200,"href":"https:\/\/andautoservice.de\/ru\/wp-json\/wp\/v2\/pages\/162\/revisions\/200"}],"wp:attachment":[{"href":"https:\/\/andautoservice.de\/ru\/wp-json\/wp\/v2\/media?parent=162"}],"curies":[{"name":"wp","href":"https:\/\/api.w.org\/{rel}","templated":true}]}}